{"id":14,"date":"2023-05-09T21:18:21","date_gmt":"2023-05-09T19:18:21","guid":{"rendered":"https:\/\/volleyball-lisieux.fr\/?page_id=14"},"modified":"2025-07-15T15:49:43","modified_gmt":"2025-07-15T13:49:43","slug":"contacts","status":"publish","type":"page","link":"https:\/\/volleyball-lisieux.fr\/?page_id=14","title":{"rendered":"Contacts"},"content":{"rendered":"\t\t<div data-elementor-type=\"wp-page\" data-elementor-id=\"14\" class=\"elementor elementor-14\">\n\t\t\t\t\t\t\t\t\t<section class=\"elementor-section elementor-top-section elementor-element elementor-element-39229fe elementor-section-boxed elementor-section-height-default elementor-section-height-default wpr-particle-no wpr-jarallax-no wpr-parallax-no wpr-sticky-section-no\" data-id=\"39229fe\" data-element_type=\"section\">\n\t\t\t\t\t\t<div class=\"elementor-container elementor-column-gap-default\">\n\t\t\t\t\t<div class=\"elementor-column elementor-col-100 elementor-top-column elementor-element elementor-element-22bf614\" data-id=\"22bf614\" data-element_type=\"column\">\n\t\t\t<div class=\"elementor-widget-wrap elementor-element-populated\">\n\t\t\t\t\t\t\t\t<div class=\"elementor-element elementor-element-1aec85c elementor-invisible elementor-widget elementor-widget-heading\" data-id=\"1aec85c\" data-element_type=\"widget\" data-settings=\"{&quot;_animation&quot;:&quot;fadeInUp&quot;}\" data-widget_type=\"heading.default\">\n\t\t\t\t<div class=\"elementor-widget-container\">\n\t\t\t<style>\/*! elementor - v3.13.1 - 09-05-2023 *\/\n.elementor-heading-title{padding:0;margin:0;line-height:1}.elementor-widget-heading .elementor-heading-title[class*=elementor-size-]>a{color:inherit;font-size:inherit;line-height:inherit}.elementor-widget-heading .elementor-heading-title.elementor-size-small{font-size:15px}.elementor-widget-heading .elementor-heading-title.elementor-size-medium{font-size:19px}.elementor-widget-heading .elementor-heading-title.elementor-size-large{font-size:29px}.elementor-widget-heading .elementor-heading-title.elementor-size-xl{font-size:39px}.elementor-widget-heading .elementor-heading-title.elementor-size-xxl{font-size:59px}<\/style><h2 class=\"elementor-heading-title elementor-size-default\">Contacts<\/h2>\t\t<\/div>\n\t\t\t\t<\/div>\n\t\t\t\t\t<\/div>\n\t\t<\/div>\n\t\t\t\t\t\t\t<\/div>\n\t\t<\/section>\n\t\t\t\t<section class=\"elementor-section elementor-top-section elementor-element elementor-element-3c00aac elementor-section-boxed elementor-section-height-default elementor-section-height-default wpr-particle-no wpr-jarallax-no wpr-parallax-no wpr-sticky-section-no\" data-id=\"3c00aac\" data-element_type=\"section\">\n\t\t\t\t\t\t<div class=\"elementor-container elementor-column-gap-default\">\n\t\t\t\t\t<div class=\"elementor-column elementor-col-100 elementor-top-column elementor-element elementor-element-c669bd9\" data-id=\"c669bd9\" data-element_type=\"column\">\n\t\t\t<div class=\"elementor-widget-wrap elementor-element-populated\">\n\t\t\t\t\t\t\t\t<div class=\"elementor-element elementor-element-b3e334f elementor-widget elementor-widget-heading\" data-id=\"b3e334f\" data-element_type=\"widget\" data-widget_type=\"heading.default\">\n\t\t\t\t<div class=\"elementor-widget-container\">\n\t\t\t<h2 class=\"elementor-heading-title elementor-size-default\">Les membres du bureau<\/h2>\t\t<\/div>\n\t\t\t\t<\/div>\n\t\t\t\t\t<\/div>\n\t\t<\/div>\n\t\t\t\t\t\t\t<\/div>\n\t\t<\/section>\n\t\t\t\t<section class=\"elementor-section elementor-top-section elementor-element elementor-element-e8e26bf elementor-section-boxed elementor-section-height-default elementor-section-height-default wpr-particle-no wpr-jarallax-no wpr-parallax-no wpr-sticky-section-no\" data-id=\"e8e26bf\" data-element_type=\"section\">\n\t\t\t\t\t\t<div class=\"elementor-container elementor-column-gap-default\">\n\t\t\t\t\t<div class=\"elementor-column elementor-col-50 elementor-top-column elementor-element elementor-element-2bf7fb5\" data-id=\"2bf7fb5\" data-element_type=\"column\">\n\t\t\t<div class=\"elementor-widget-wrap elementor-element-populated\">\n\t\t\t\t\t\t\t\t<div class=\"elementor-element elementor-element-1464b87 elementor-widget elementor-widget-text-editor\" data-id=\"1464b87\" data-element_type=\"widget\" data-widget_type=\"text-editor.default\">\n\t\t\t\t<div class=\"elementor-widget-container\">\n\t\t\t<style>\/*! elementor - v3.13.1 - 09-05-2023 *\/\n.elementor-widget-text-editor.elementor-drop-cap-view-stacked .elementor-drop-cap{background-color:#69727d;color:#fff}.elementor-widget-text-editor.elementor-drop-cap-view-framed .elementor-drop-cap{color:#69727d;border:3px solid;background-color:transparent}.elementor-widget-text-editor:not(.elementor-drop-cap-view-default) .elementor-drop-cap{margin-top:8px}.elementor-widget-text-editor:not(.elementor-drop-cap-view-default) .elementor-drop-cap-letter{width:1em;height:1em}.elementor-widget-text-editor .elementor-drop-cap{float:left;text-align:center;line-height:1;font-size:50px}.elementor-widget-text-editor .elementor-drop-cap-letter{display:inline-block}<\/style>\t\t\t\t<p><span style=\"color: #333399;\"><b>Pr\u00e9sident&nbsp;<\/b><\/span>: Erik ANDERSSON<\/p>\n<p style=\"margin-bottom: var(--global-md-spacing); text-align: center;\">calvolley@gmail.com<\/p>\n<p style=\"margin-bottom: var(--global-md-spacing); text-align: center;\"><span style=\"color: #333399;\"><strong>Secr\u00e9taire<\/strong>&nbsp;<\/span>: Maximilien EL AYAD<\/p>\n<p style=\"margin-bottom: var(--global-md-spacing); text-align: center;\"><span style=\"color: #333399;\"><strong>Tr\u00e9sori\u00e8re<\/strong>&nbsp;<\/span>: Elham FOUQUET<\/p>\n<p style=\"margin-bottom: var(--global-md-spacing); text-align: center;\"><span style=\"color: #333399;\"><strong>Charg\u00e9e de communication&nbsp;:<\/strong><\/span>&nbsp;Florine DAUDIN<\/p>\n<p style=\"margin-bottom: var(--global-md-spacing); text-align: center;\">07.83.74.85.41<\/p>\n<p style=\"margin-bottom: var(--global-md-spacing); text-align: center;\"><span style=\"color: #333399;\"><span style=\"font-weight: bold;\">Membres actifs&nbsp;<\/span><\/span>:<\/p>\n<p style=\"text-align: center;\">Catherine MASSOT, S\u00e9bastien TURPIN, Yves RAS, Adeline RAPPOLT, Geoffroy ADELINE, Damien VIALE, Mehdi ABBAS<\/p>\t\t\t\t\t\t<\/div>\n\t\t\t\t<\/div>\n\t\t\t\t\t<\/div>\n\t\t<\/div>\n\t\t\t\t<div class=\"elementor-column elementor-col-50 elementor-top-column elementor-element elementor-element-f1f426e\" data-id=\"f1f426e\" data-element_type=\"column\">\n\t\t\t<div class=\"elementor-widget-wrap elementor-element-populated\">\n\t\t\t\t\t\t\t\t<div class=\"elementor-element elementor-element-63fface elementor-widget elementor-widget-image\" data-id=\"63fface\" data-element_type=\"widget\" data-widget_type=\"image.default\">\n\t\t\t\t<div class=\"elementor-widget-container\">\n\t\t\t<style>\/*! elementor - v3.13.1 - 09-05-2023 *\/\n.elementor-widget-image{text-align:center}.elementor-widget-image a{display:inline-block}.elementor-widget-image a img[src$=\".svg\"]{width:48px}.elementor-widget-image img{vertical-align:middle;display:inline-block}<\/style>\t\t\t\t\t\t\t\t\t\t\t\t<img loading=\"lazy\" decoding=\"async\" width=\"1024\" height=\"768\" src=\"https:\/\/volleyball-lisieux.fr\/wp-content\/uploads\/2025\/01\/IMG-20241114-WA0002-1024x768.jpg\" class=\"attachment-large size-large wp-image-215\" alt=\"\" srcset=\"https:\/\/volleyball-lisieux.fr\/wp-content\/uploads\/2025\/01\/IMG-20241114-WA0002-1024x768.jpg 1024w, https:\/\/volleyball-lisieux.fr\/wp-content\/uploads\/2025\/01\/IMG-20241114-WA0002-300x225.jpg 300w, https:\/\/volleyball-lisieux.fr\/wp-content\/uploads\/2025\/01\/IMG-20241114-WA0002-768x576.jpg 768w, https:\/\/volleyball-lisieux.fr\/wp-content\/uploads\/2025\/01\/IMG-20241114-WA0002-1536x1152.jpg 1536w, https:\/\/volleyball-lisieux.fr\/wp-content\/uploads\/2025\/01\/IMG-20241114-WA0002.jpg 2048w\" sizes=\"auto, (max-width: 1024px) 100vw, 1024px\" \/>\t\t\t\t\t\t\t\t\t\t\t\t\t\t\t<\/div>\n\t\t\t\t<\/div>\n\t\t\t\t<div class=\"elementor-element elementor-element-d1c292d elementor-widget elementor-widget-heading\" data-id=\"d1c292d\" data-element_type=\"widget\" data-widget_type=\"heading.default\">\n\t\t\t\t<div class=\"elementor-widget-container\">\n\t\t\t<h2 class=\"elementor-heading-title elementor-size-medium\">Le bureau en pleine r\u00e9flexion pour vous concocter de beaux projets tout au long de l'ann\u00e9e<\/h2>\t\t<\/div>\n\t\t\t\t<\/div>\n\t\t\t\t\t<\/div>\n\t\t<\/div>\n\t\t\t\t\t\t\t<\/div>\n\t\t<\/section>\n\t\t\t\t\t\t\t<\/div>\n\t\t","protected":false},"excerpt":{"rendered":"<p>Contacts Les membres du bureau Pr\u00e9sident&nbsp;: Erik ANDERSSON calvolley@gmail.com Secr\u00e9taire&nbsp;: Maximilien EL AYAD Tr\u00e9sori\u00e8re&nbsp;: Elham FOUQUET Charg\u00e9e de communication&nbsp;:&nbsp;Florine DAUDIN 07.83.74.85.41 Membres actifs&nbsp;: Catherine MASSOT, S\u00e9bastien TURPIN, Yves RAS, Adeline RAPPOLT, Geoffroy ADELINE, Damien VIALE, Mehdi ABBAS Le bureau en pleine r\u00e9flexion pour vous concocter de beaux projets tout au long de l&rsquo;ann\u00e9e<\/p>\n","protected":false},"author":1,"featured_media":0,"parent":0,"menu_order":0,"comment_status":"closed","ping_status":"closed","template":"","meta":{"_kad_post_transparent":"","_kad_post_title":"hide","_kad_post_layout":"fullwidth","_kad_post_sidebar_id":"","_kad_post_content_style":"unboxed","_kad_post_vertical_padding":"hide","_kad_post_feature":"hide","_kad_post_feature_position":"","_kad_post_header":false,"_kad_post_footer":false,"footnotes":""},"class_list":["post-14","page","type-page","status-publish","hentry"],"_links":{"self":[{"href":"https:\/\/volleyball-lisieux.fr\/index.php?rest_route=\/wp\/v2\/pages\/14","targetHints":{"allow":["GET"]}}],"collection":[{"href":"https:\/\/volleyball-lisieux.fr\/index.php?rest_route=\/wp\/v2\/pages"}],"about":[{"href":"https:\/\/volleyball-lisieux.fr\/index.php?rest_route=\/wp\/v2\/types\/page"}],"author":[{"embeddable":true,"href":"https:\/\/volleyball-lisieux.fr\/index.php?rest_route=\/wp\/v2\/users\/1"}],"replies":[{"embeddable":true,"href":"https:\/\/volleyball-lisieux.fr\/index.php?rest_route=%2Fwp%2Fv2%2Fcomments&post=14"}],"version-history":[{"count":74,"href":"https:\/\/volleyball-lisieux.fr\/index.php?rest_route=\/wp\/v2\/pages\/14\/revisions"}],"predecessor-version":[{"id":879,"href":"https:\/\/volleyball-lisieux.fr\/index.php?rest_route=\/wp\/v2\/pages\/14\/revisions\/879"}],"wp:attachment":[{"href":"https:\/\/volleyball-lisieux.fr\/index.php?rest_route=%2Fwp%2Fv2%2Fmedia&parent=14"}],"curies":[{"name":"wp","href":"https:\/\/api.w.org\/{rel}","templated":true}]}}