{"id":17,"date":"2023-05-09T21:18:21","date_gmt":"2023-05-09T19:18:21","guid":{"rendered":"https:\/\/volleyball-lisieux.fr\/?page_id=17"},"modified":"2025-01-23T14:20:41","modified_gmt":"2025-01-23T13:20:41","slug":"evenements","status":"publish","type":"page","link":"https:\/\/volleyball-lisieux.fr\/?page_id=17","title":{"rendered":"Ev\u00e8nements"},"content":{"rendered":"\t\t<div data-elementor-type=\"wp-page\" data-elementor-id=\"17\" class=\"elementor elementor-17\">\n\t\t\t\t\t\t\t\t\t<section class=\"elementor-section elementor-top-section elementor-element elementor-element-4abda7c elementor-section-boxed elementor-section-height-default elementor-section-height-default wpr-particle-no wpr-jarallax-no wpr-parallax-no wpr-sticky-section-no\" data-id=\"4abda7c\" data-element_type=\"section\">\n\t\t\t\t\t\t<div class=\"elementor-container elementor-column-gap-default\">\n\t\t\t\t\t<div class=\"elementor-column elementor-col-100 elementor-top-column elementor-element elementor-element-d350b57\" data-id=\"d350b57\" data-element_type=\"column\">\n\t\t\t<div class=\"elementor-widget-wrap elementor-element-populated\">\n\t\t\t\t\t\t\t\t<div class=\"elementor-element elementor-element-67680ce elementor-widget elementor-widget-heading\" data-id=\"67680ce\" data-element_type=\"widget\" data-widget_type=\"heading.default\">\n\t\t\t\t<div class=\"elementor-widget-container\">\n\t\t\t<style>\/*! elementor - v3.13.1 - 09-05-2023 *\/\n.elementor-heading-title{padding:0;margin:0;line-height:1}.elementor-widget-heading .elementor-heading-title[class*=elementor-size-]>a{color:inherit;font-size:inherit;line-height:inherit}.elementor-widget-heading .elementor-heading-title.elementor-size-small{font-size:15px}.elementor-widget-heading .elementor-heading-title.elementor-size-medium{font-size:19px}.elementor-widget-heading .elementor-heading-title.elementor-size-large{font-size:29px}.elementor-widget-heading .elementor-heading-title.elementor-size-xl{font-size:39px}.elementor-widget-heading .elementor-heading-title.elementor-size-xxl{font-size:59px}<\/style><h2 class=\"elementor-heading-title elementor-size-default\">1\u00e8re phase de qualification Comp\u00e8t-lib 2025<\/h2>\t\t<\/div>\n\t\t\t\t<\/div>\n\t\t\t\t\t<\/div>\n\t\t<\/div>\n\t\t\t\t\t\t\t<\/div>\n\t\t<\/section>\n\t\t\t\t<section class=\"elementor-section elementor-top-section elementor-element elementor-element-a168bc2 elementor-section-boxed elementor-section-height-default elementor-section-height-default wpr-particle-no wpr-jarallax-no wpr-parallax-no wpr-sticky-section-no\" data-id=\"a168bc2\" data-element_type=\"section\">\n\t\t\t\t\t\t<div class=\"elementor-container elementor-column-gap-default\">\n\t\t\t\t\t<div class=\"elementor-column elementor-col-50 elementor-top-column elementor-element elementor-element-49cd043\" data-id=\"49cd043\" data-element_type=\"column\">\n\t\t\t<div class=\"elementor-widget-wrap elementor-element-populated\">\n\t\t\t\t\t\t\t\t<div class=\"elementor-element elementor-element-9414842 elementor-view-default elementor-widget elementor-widget-icon\" data-id=\"9414842\" data-element_type=\"widget\" data-widget_type=\"icon.default\">\n\t\t\t\t<div class=\"elementor-widget-container\">\n\t\t\t\t\t<div class=\"elementor-icon-wrapper\">\n\t\t\t<div class=\"elementor-icon\">\n\t\t\t<i aria-hidden=\"true\" class=\"fas fa-volleyball-ball\"><\/i>\t\t\t<\/div>\n\t\t<\/div>\n\t\t\t\t<\/div>\n\t\t\t\t<\/div>\n\t\t\t\t<div class=\"elementor-element elementor-element-0eaba52 elementor-widget elementor-widget-text-editor\" data-id=\"0eaba52\" data-element_type=\"widget\" data-widget_type=\"text-editor.default\">\n\t\t\t\t<div class=\"elementor-widget-container\">\n\t\t\t<style>\/*! elementor - v3.13.1 - 09-05-2023 *\/\n.elementor-widget-text-editor.elementor-drop-cap-view-stacked .elementor-drop-cap{background-color:#69727d;color:#fff}.elementor-widget-text-editor.elementor-drop-cap-view-framed .elementor-drop-cap{color:#69727d;border:3px solid;background-color:transparent}.elementor-widget-text-editor:not(.elementor-drop-cap-view-default) .elementor-drop-cap{margin-top:8px}.elementor-widget-text-editor:not(.elementor-drop-cap-view-default) .elementor-drop-cap-letter{width:1em;height:1em}.elementor-widget-text-editor .elementor-drop-cap{float:left;text-align:center;line-height:1;font-size:50px}.elementor-widget-text-editor .elementor-drop-cap-letter{display:inline-block}<\/style>\t\t\t\t<p>Comme l&rsquo;ann\u00e9e derni\u00e8re, le club de Lisieux a engag\u00e9 2 \u00e9quipes pour la Comp\u00e8t-lib. Lisieux 1 a particip\u00e9 \u00e0 la finale nationale \u00e0 Arles en 2024 et a pour objectif d&rsquo;y acc\u00e9der de nouveau cette ann\u00e9e.&nbsp;<\/p>\n<p>La premi\u00e8re semaine de qualification se divise en 2 poules. Nous accueilleront \u00e0 Lisieux l&rsquo;\u00e9quipe de Luc sur mer le vendredi 24 janvier 2025. Les deux \u00e9quipes de Lisieux ainsi que Luc sur mer s&rsquo;affronteront ainsi pour acc\u00e9der \u00e0 la demi finale qui aura lieu la semaine du 24 f\u00e9vrier 2025. Deux \u00e9quipes de chaque poule seront qualifi\u00e9es pour la demi-finale.<\/p>\n<p>La deuxi\u00e8me phase de qualification se d\u00e9roulera sous la forme de demi-finales crois\u00e9es opposant les deux premiers de chaque poule, puis une finale et petite finale auront lieu.<\/p>\n<p>Le gagnant de la finale d\u00e9partementale sera qualifi\u00e9 pour la finale r\u00e9gionale.<\/p>\t\t\t\t\t\t<\/div>\n\t\t\t\t<\/div>\n\t\t\t\t\t<\/div>\n\t\t<\/div>\n\t\t\t\t<div class=\"elementor-column elementor-col-50 elementor-top-column elementor-element elementor-element-efa51f9\" data-id=\"efa51f9\" data-element_type=\"column\">\n\t\t\t<div class=\"elementor-widget-wrap elementor-element-populated\">\n\t\t\t\t\t\t\t\t<div class=\"elementor-element elementor-element-785f45f elementor-widget elementor-widget-image\" data-id=\"785f45f\" data-element_type=\"widget\" data-widget_type=\"image.default\">\n\t\t\t\t<div class=\"elementor-widget-container\">\n\t\t\t<style>\/*! elementor - v3.13.1 - 09-05-2023 *\/\n.elementor-widget-image{text-align:center}.elementor-widget-image a{display:inline-block}.elementor-widget-image a img[src$=\".svg\"]{width:48px}.elementor-widget-image img{vertical-align:middle;display:inline-block}<\/style>\t\t\t\t\t\t\t\t\t\t\t\t<img loading=\"lazy\" decoding=\"async\" width=\"1010\" height=\"1002\" src=\"https:\/\/volleyball-lisieux.fr\/wp-content\/uploads\/2025\/01\/Screenshot_20250123_130454.jpg\" class=\"attachment-large size-large wp-image-428\" alt=\"\" srcset=\"https:\/\/volleyball-lisieux.fr\/wp-content\/uploads\/2025\/01\/Screenshot_20250123_130454.jpg 1010w, https:\/\/volleyball-lisieux.fr\/wp-content\/uploads\/2025\/01\/Screenshot_20250123_130454-300x298.jpg 300w, https:\/\/volleyball-lisieux.fr\/wp-content\/uploads\/2025\/01\/Screenshot_20250123_130454-150x150.jpg 150w, https:\/\/volleyball-lisieux.fr\/wp-content\/uploads\/2025\/01\/Screenshot_20250123_130454-768x762.jpg 768w\" sizes=\"auto, (max-width: 1010px) 100vw, 1010px\" \/>\t\t\t\t\t\t\t\t\t\t\t\t\t\t\t<\/div>\n\t\t\t\t<\/div>\n\t\t\t\t\t<\/div>\n\t\t<\/div>\n\t\t\t\t\t\t\t<\/div>\n\t\t<\/section>\n\t\t\t\t<section class=\"elementor-section elementor-top-section elementor-element elementor-element-6c6e4c3 elementor-section-boxed elementor-section-height-default elementor-section-height-default wpr-particle-no wpr-jarallax-no wpr-parallax-no wpr-sticky-section-no\" data-id=\"6c6e4c3\" data-element_type=\"section\">\n\t\t\t\t\t\t<div class=\"elementor-container elementor-column-gap-default\">\n\t\t\t\t\t<div class=\"elementor-column elementor-col-100 elementor-top-column elementor-element elementor-element-f4dff8e\" data-id=\"f4dff8e\" data-element_type=\"column\">\n\t\t\t<div class=\"elementor-widget-wrap elementor-element-populated\">\n\t\t\t\t\t\t\t\t<div class=\"elementor-element elementor-element-f0f20f0 elementor-widget elementor-widget-text-editor\" data-id=\"f0f20f0\" data-element_type=\"widget\" data-widget_type=\"text-editor.default\">\n\t\t\t\t<div class=\"elementor-widget-container\">\n\t\t\t\t\t\t\t<p><u><b>D\u00e9roulement de la soir\u00e9e du 24 janvier 2025<\/b><\/u><\/p><p>20h30 : Lisieux 1 vs Lisieux 2, p<span style=\"color: var( --e-global-color-text ); font-family: var( --e-global-typography-text-font-family ), Sans-serif; font-weight: var( --e-global-typography-text-font-weight );\">uis Gagnant du 1er match vs Luc sur mer, e<\/span><span style=\"color: var( --e-global-color-text ); font-family: var( --e-global-typography-text-font-family ), Sans-serif; font-weight: var( --e-global-typography-text-font-weight );\">t pour finir Perdant du 1er match vs Luc sur mer.<\/span><\/p><p><span style=\"color: var( --e-global-color-text ); font-family: var( --e-global-typography-text-font-family ), Sans-serif; font-weight: var( --e-global-typography-text-font-weight );\">Matchs en 2 sets gagnants de 25 points avec un 3\u00e8me set d\u00e9cisif de 15 points en cas d&rsquo;\u00e9galit\u00e9.<\/span><\/p>\t\t\t\t\t\t<\/div>\n\t\t\t\t<\/div>\n\t\t\t\t\t<\/div>\n\t\t<\/div>\n\t\t\t\t\t\t\t<\/div>\n\t\t<\/section>\n\t\t\t\t\t\t\t<\/div>\n\t\t","protected":false},"excerpt":{"rendered":"<p>1\u00e8re phase de qualification Comp\u00e8t-lib 2025 Comme l&rsquo;ann\u00e9e derni\u00e8re, le club de Lisieux a engag\u00e9 2 \u00e9quipes pour la Comp\u00e8t-lib. Lisieux 1 a particip\u00e9 \u00e0 la finale nationale \u00e0 Arles en 2024 et a pour objectif d&rsquo;y acc\u00e9der de nouveau cette ann\u00e9e.&nbsp; La premi\u00e8re semaine de qualification se divise en 2 poules. Nous accueilleront \u00e0 Lisieux l&rsquo;\u00e9quipe de Luc sur mer le vendredi 24 janvier 2025. Les deux \u00e9quipes de Lisieux ainsi que Luc sur mer s&rsquo;affronteront ainsi pour acc\u00e9der \u00e0 la demi finale qui aura lieu la semaine du 24 f\u00e9vrier 2025. Deux \u00e9quipes de chaque poule seront qualifi\u00e9es pour la demi-finale. La deuxi\u00e8me phase de qualification se d\u00e9roulera sous la forme de demi-finales crois\u00e9es opposant les deux premiers de chaque poule, puis une finale et petite finale auront lieu. Le gagnant de la finale d\u00e9partementale sera qualifi\u00e9 pour la finale r\u00e9gionale. D\u00e9roulement de la soir\u00e9e du 24 janvier 2025 20h30 : Lisieux 1 vs Lisieux 2, puis Gagnant du 1er match vs Luc sur mer, et pour finir Perdant du 1er match vs Luc sur mer. Matchs en 2 sets gagnants de 25 points avec un 3\u00e8me set d\u00e9cisif de 15 points en cas d&rsquo;\u00e9galit\u00e9.<\/p>\n","protected":false},"author":1,"featured_media":0,"parent":0,"menu_order":0,"comment_status":"closed","ping_status":"closed","template":"","meta":{"_kad_post_transparent":"","_kad_post_title":"","_kad_post_layout":"","_kad_post_sidebar_id":"","_kad_post_content_style":"","_kad_post_vertical_padding":"","_kad_post_feature":"","_kad_post_feature_position":"","_kad_post_header":false,"_kad_post_footer":false,"footnotes":""},"class_list":["post-17","page","type-page","status-publish","hentry"],"_links":{"self":[{"href":"https:\/\/volleyball-lisieux.fr\/index.php?rest_route=\/wp\/v2\/pages\/17","targetHints":{"allow":["GET"]}}],"collection":[{"href":"https:\/\/volleyball-lisieux.fr\/index.php?rest_route=\/wp\/v2\/pages"}],"about":[{"href":"https:\/\/volleyball-lisieux.fr\/index.php?rest_route=\/wp\/v2\/types\/page"}],"author":[{"embeddable":true,"href":"https:\/\/volleyball-lisieux.fr\/index.php?rest_route=\/wp\/v2\/users\/1"}],"replies":[{"embeddable":true,"href":"https:\/\/volleyball-lisieux.fr\/index.php?rest_route=%2Fwp%2Fv2%2Fcomments&post=17"}],"version-history":[{"count":17,"href":"https:\/\/volleyball-lisieux.fr\/index.php?rest_route=\/wp\/v2\/pages\/17\/revisions"}],"predecessor-version":[{"id":437,"href":"https:\/\/volleyball-lisieux.fr\/index.php?rest_route=\/wp\/v2\/pages\/17\/revisions\/437"}],"wp:attachment":[{"href":"https:\/\/volleyball-lisieux.fr\/index.php?rest_route=%2Fwp%2Fv2%2Fmedia&parent=17"}],"curies":[{"name":"wp","href":"https:\/\/api.w.org\/{rel}","templated":true}]}}